{"id":43,"date":"2017-12-17T10:06:43","date_gmt":"2017-12-17T10:06:43","guid":{"rendered":"https:\/\/lanamineral.com.mx\/prueba\/index.php\/about\/"},"modified":"2025-01-30T17:06:11","modified_gmt":"2025-01-30T17:06:11","slug":"trayectoria","status":"publish","type":"page","link":"https:\/\/insul-therm.mx\/insul\/index.php\/trayectoria\/","title":{"rendered":"Trayectoria"},"content":{"rendered":"\t\t<div data-elementor-type=\"wp-post\" data-elementor-id=\"43\" class=\"elementor elementor-43\" data-elementor-settings=\"[]\">\n\t\t\t\t\t\t\t<div class=\"elementor-section-wrap\">\n\t\t\t\t\t\t\t<section data-particle_enable=\"false\" data-particle-mobile-disabled=\"false\" class=\"elementor-section elementor-top-section elementor-element elementor-element-2720586b elementor-section-height-min-height elementor-section-boxed elementor-section-height-default elementor-section-items-middle\" data-id=\"2720586b\" data-element_type=\"section\" data-settings=\"{&quot;background_background&quot;:&quot;classic&quot;}\">\n\t\t\t\t\t\t<div class=\"elementor-container elementor-column-gap-default\">\n\t\t\t\t\t<div class=\"elementor-column elementor-col-100 elementor-top-column elementor-element elementor-element-2ec183a6\" data-id=\"2ec183a6\" data-element_type=\"column\">\n\t\t\t<div class=\"elementor-widget-wrap elementor-element-populated\">\n\t\t\t\t\t\t\t\t<section data-particle_enable=\"false\" data-particle-mobile-disabled=\"false\" class=\"elementor-section elementor-inner-section elementor-element elementor-element-1e03cad0 elementor-reverse-mobile elementor-section-boxed elementor-section-height-default elementor-section-height-default\" data-id=\"1e03cad0\" data-element_type=\"section\" data-settings=\"{&quot;background_background&quot;:&quot;classic&quot;}\">\n\t\t\t\t\t\t<div class=\"elementor-container elementor-column-gap-default\">\n\t\t\t\t\t<div class=\"elementor-column elementor-col-100 elementor-inner-column elementor-element elementor-element-2beae20a\" data-id=\"2beae20a\" data-element_type=\"column\" data-settings=\"{&quot;background_background&quot;:&quot;classic&quot;}\">\n\t\t\t<div class=\"elementor-widget-wrap elementor-element-populated\">\n\t\t\t\t\t\t\t\t<div class=\"elementor-element elementor-element-6e447d0a elementor-widget elementor-widget-heading\" data-id=\"6e447d0a\" data-element_type=\"widget\" data-widget_type=\"heading.default\">\n\t\t\t\t<div class=\"elementor-widget-container\">\n\t\t\t<h2 class=\"elementor-heading-title elementor-size-default\">Nosotros<\/h2>\t\t<\/div>\n\t\t\t\t<\/div>\n\t\t\t\t<div class=\"elementor-element elementor-element-e5b0eb5 elementor-widget-divider--view-line elementor-widget elementor-widget-divider\" data-id=\"e5b0eb5\" data-element_type=\"widget\" data-widget_type=\"divider.default\">\n\t\t\t\t<div class=\"elementor-widget-container\">\n\t\t\t\t\t<div class=\"elementor-divider\">\n\t\t\t<span class=\"elementor-divider-separator\">\n\t\t\t\t\t\t<\/span>\n\t\t<\/div>\n\t\t\t\t<\/div>\n\t\t\t\t<\/div>\n\t\t\t\t<div class=\"elementor-element elementor-element-62a82b0f elementor-widget elementor-widget-heading\" data-id=\"62a82b0f\" data-element_type=\"widget\" data-widget_type=\"heading.default\">\n\t\t\t\t<div class=\"elementor-widget-container\">\n\t\t\t<h2 class=\"elementor-heading-title elementor-size-default\">Trayectoria<\/h2>\t\t<\/div>\n\t\t\t\t<\/div>\n\t\t\t\t<div class=\"elementor-element elementor-element-645eefcc elementor-widget elementor-widget-text-editor\" data-id=\"645eefcc\" data-element_type=\"widget\" data-widget_type=\"text-editor.default\">\n\t\t\t\t<div class=\"elementor-widget-container\">\n\t\t\t\t\t\t\t<p>En Insul-Therm nos hemos dedicado por m\u00e1s de 25 a\u00f1os a generar soluciones en aislamiento t\u00e9rmico y ac\u00fastico para la industria de la construcci\u00f3n industrial, comercial y residencial.<br>Con el paso del tiempo, se han desarrollado nuevas l\u00edneas de productos, ampliando nuestro abanico de servicios para satisfacer las necesidades de nuestros clientes. Las principales l\u00edneas que manejamos son aislamiento t\u00e9rmico, aislamiento ac\u00fastico, refractarios, metales (aluminio, acero inoxidable y galvanizado), impermeabilizantes y materiales de construcci\u00f3n ligera. <br>Debido al incremento acelerado de la operaci\u00f3n, actualmente contamos con m\u00e1s de 29,000 metros cuadrados de almacenes a nivel nacional, adem\u00e1s de un amplio surtido de materiales en stock para entrega inmediata en sus 34 unidades de negocio. <br>Insul-Therm ofrece servicio de instalaci\u00f3n para proyectos en cualquier parte de la rep\u00fablica y\/o el extranjero con 800 colaboradores para afrontar cualquier desaf\u00edo que se pueda presentar as\u00ed como el servicio de entrega de todos los productos que manejamos.<\/p>\t\t\t\t\t\t<\/div>\n\t\t\t\t<\/div>\n\t\t\t\t\t<\/div>\n\t\t<\/div>\n\t\t\t\t\t\t\t<\/div>\n\t\t<\/section>\n\t\t\t\t<section data-particle_enable=\"false\" data-particle-mobile-disabled=\"false\" class=\"elementor-section elementor-inner-section elementor-element elementor-element-4add1815 elementor-reverse-mobile elementor-section-boxed elementor-section-height-default elementor-section-height-default\" data-id=\"4add1815\" data-element_type=\"section\" data-settings=\"{&quot;background_background&quot;:&quot;classic&quot;}\">\n\t\t\t\t\t\t<div class=\"elementor-container elementor-column-gap-default\">\n\t\t\t\t\t<div class=\"elementor-column elementor-col-50 elementor-inner-column elementor-element elementor-element-32408ab9\" data-id=\"32408ab9\" data-element_type=\"column\">\n\t\t\t<div class=\"elementor-widget-wrap elementor-element-populated\">\n\t\t\t\t\t\t\t\t<div class=\"elementor-element elementor-element-60a8d10f elementor-position-top elementor-vertical-align-top elementor-invisible elementor-widget elementor-widget-image-box\" data-id=\"60a8d10f\" data-element_type=\"widget\" data-settings=\"{&quot;_animation&quot;:&quot;fadeInLeft&quot;}\" data-widget_type=\"image-box.default\">\n\t\t\t\t<div class=\"elementor-widget-container\">\n\t\t\t<div class=\"elementor-image-box-wrapper\"><div class=\"elementor-image-box-content\"><h3 class=\"elementor-image-box-title\">Misi\u00f3n<\/h3><p class=\"elementor-image-box-description\">Garantizar a nuestros clientes calidad y ahorro a trav\u00e9s de los servicios de instalaci\u00f3n de sistemas constructivos.\n<\/p><\/div><\/div>\t\t<\/div>\n\t\t\t\t<\/div>\n\t\t\t\t<div class=\"elementor-element elementor-element-5a7cbe3e elementor-invisible elementor-widget elementor-widget-image\" data-id=\"5a7cbe3e\" data-element_type=\"widget\" data-settings=\"{&quot;_animation&quot;:&quot;fadeInUp&quot;}\" data-widget_type=\"image.default\">\n\t\t\t\t<div class=\"elementor-widget-container\">\n\t\t\t\t\t\t\t\t\t\t\t\t\t\t\t<img decoding=\"async\" width=\"1024\" height=\"768\" src=\"https:\/\/insul-therm.mx\/insul\/wp-content\/uploads\/2022\/02\/PHOTO-2018-11-13-19-38-19-1024x768.jpg\" class=\"attachment-large size-large\" alt=\"\" srcset=\"https:\/\/insul-therm.mx\/insul\/wp-content\/uploads\/2022\/02\/PHOTO-2018-11-13-19-38-19-1024x768.jpg 1024w, https:\/\/insul-therm.mx\/insul\/wp-content\/uploads\/2022\/02\/PHOTO-2018-11-13-19-38-19-300x225.jpg 300w, https:\/\/insul-therm.mx\/insul\/wp-content\/uploads\/2022\/02\/PHOTO-2018-11-13-19-38-19-768x576.jpg 768w, https:\/\/insul-therm.mx\/insul\/wp-content\/uploads\/2022\/02\/PHOTO-2018-11-13-19-38-19-600x450.jpg 600w, https:\/\/insul-therm.mx\/insul\/wp-content\/uploads\/2022\/02\/PHOTO-2018-11-13-19-38-19.jpg 1280w\" sizes=\"(max-width: 1024px) 100vw, 1024px\" \/>\t\t\t\t\t\t\t\t\t\t\t\t\t\t\t<\/div>\n\t\t\t\t<\/div>\n\t\t\t\t\t<\/div>\n\t\t<\/div>\n\t\t\t\t<div class=\"elementor-column elementor-col-50 elementor-inner-column elementor-element elementor-element-239940b9\" data-id=\"239940b9\" data-element_type=\"column\">\n\t\t\t<div class=\"elementor-widget-wrap elementor-element-populated\">\n\t\t\t\t\t\t\t\t<div class=\"elementor-element elementor-element-6020b3e2 elementor-invisible elementor-widget elementor-widget-image\" data-id=\"6020b3e2\" data-element_type=\"widget\" data-settings=\"{&quot;_animation&quot;:&quot;fadeInDown&quot;}\" data-widget_type=\"image.default\">\n\t\t\t\t<div class=\"elementor-widget-container\">\n\t\t\t\t\t\t\t\t\t\t\t\t\t\t\t<img decoding=\"async\" width=\"1024\" height=\"768\" src=\"https:\/\/insul-therm.mx\/insul\/wp-content\/uploads\/2021\/12\/vision-1024x768.jpg\" class=\"attachment-large size-large\" alt=\"\" srcset=\"https:\/\/insul-therm.mx\/insul\/wp-content\/uploads\/2021\/12\/vision-1024x768.jpg 1024w, https:\/\/insul-therm.mx\/insul\/wp-content\/uploads\/2021\/12\/vision-300x225.jpg 300w, https:\/\/insul-therm.mx\/insul\/wp-content\/uploads\/2021\/12\/vision-768x576.jpg 768w, https:\/\/insul-therm.mx\/insul\/wp-content\/uploads\/2021\/12\/vision-1536x1152.jpg 1536w, https:\/\/insul-therm.mx\/insul\/wp-content\/uploads\/2021\/12\/vision-2048x1536.jpg 2048w, https:\/\/insul-therm.mx\/insul\/wp-content\/uploads\/2021\/12\/vision-600x450.jpg 600w\" sizes=\"(max-width: 1024px) 100vw, 1024px\" \/>\t\t\t\t\t\t\t\t\t\t\t\t\t\t\t<\/div>\n\t\t\t\t<\/div>\n\t\t\t\t<div class=\"elementor-element elementor-element-16b0d72 elementor-position-top elementor-vertical-align-top elementor-invisible elementor-widget elementor-widget-image-box\" data-id=\"16b0d72\" data-element_type=\"widget\" data-settings=\"{&quot;_animation&quot;:&quot;fadeInRight&quot;}\" data-widget_type=\"image-box.default\">\n\t\t\t\t<div class=\"elementor-widget-container\">\n\t\t\t<div class=\"elementor-image-box-wrapper\"><div class=\"elementor-image-box-content\"><h3 class=\"elementor-image-box-title\">visi\u00f3n <\/h3><p class=\"elementor-image-box-description\">Ser una compa\u00f1\u00eda de clase mundial en la instalaci\u00f3n de sistemas constructivos a mediano plazo, siendo el proveedor m\u00e1s confiable en el ramo.\n<\/p><\/div><\/div>\t\t<\/div>\n\t\t\t\t<\/div>\n\t\t\t\t\t<\/div>\n\t\t<\/div>\n\t\t\t\t\t\t\t<\/div>\n\t\t<\/section>\n\t\t\t\t<section data-particle_enable=\"false\" data-particle-mobile-disabled=\"false\" class=\"elementor-section elementor-inner-section elementor-element elementor-element-28d0fce elementor-section-boxed elementor-section-height-default elementor-section-height-default\" data-id=\"28d0fce\" data-element_type=\"section\" data-settings=\"{&quot;background_background&quot;:&quot;classic&quot;}\">\n\t\t\t\t\t\t<div class=\"elementor-container elementor-column-gap-default\">\n\t\t\t\t\t<div class=\"elementor-column elementor-col-100 elementor-inner-column elementor-element elementor-element-53e4bd73\" data-id=\"53e4bd73\" data-element_type=\"column\">\n\t\t\t<div class=\"elementor-widget-wrap elementor-element-populated\">\n\t\t\t\t\t\t\t\t<div class=\"elementor-element elementor-element-51e425a5 elementor-widget-divider--view-line elementor-widget elementor-widget-divider\" data-id=\"51e425a5\" data-element_type=\"widget\" data-widget_type=\"divider.default\">\n\t\t\t\t<div class=\"elementor-widget-container\">\n\t\t\t\t\t<div class=\"elementor-divider\">\n\t\t\t<span class=\"elementor-divider-separator\">\n\t\t\t\t\t\t<\/span>\n\t\t<\/div>\n\t\t\t\t<\/div>\n\t\t\t\t<\/div>\n\t\t\t\t<div class=\"elementor-element elementor-element-75891cb4 elementor-widget elementor-widget-heading\" data-id=\"75891cb4\" data-element_type=\"widget\" data-widget_type=\"heading.default\">\n\t\t\t\t<div class=\"elementor-widget-container\">\n\t\t\t<h2 class=\"elementor-heading-title elementor-size-default\">POL\u00cdTICA DE CALIDAD<\/h2>\t\t<\/div>\n\t\t\t\t<\/div>\n\t\t\t\t\t<\/div>\n\t\t<\/div>\n\t\t\t\t\t\t\t<\/div>\n\t\t<\/section>\n\t\t\t\t<section data-particle_enable=\"false\" data-particle-mobile-disabled=\"false\" class=\"elementor-section elementor-inner-section elementor-element elementor-element-149d6cf8 elementor-section-boxed elementor-section-height-default elementor-section-height-default\" data-id=\"149d6cf8\" data-element_type=\"section\" data-settings=\"{&quot;background_background&quot;:&quot;classic&quot;}\">\n\t\t\t\t\t\t<div class=\"elementor-container elementor-column-gap-default\">\n\t\t\t\t\t<div class=\"elementor-column elementor-col-50 elementor-inner-column elementor-element elementor-element-2495c4ce\" data-id=\"2495c4ce\" data-element_type=\"column\">\n\t\t\t<div class=\"elementor-widget-wrap elementor-element-populated\">\n\t\t\t\t\t\t\t\t<div class=\"elementor-element elementor-element-43ad545 elementor-position-left elementor-vertical-align-top elementor-invisible elementor-widget elementor-widget-image-box\" data-id=\"43ad545\" data-element_type=\"widget\" data-settings=\"{&quot;_animation&quot;:&quot;fadeInLeft&quot;}\" data-widget_type=\"image-box.default\">\n\t\t\t\t<div class=\"elementor-widget-container\">\n\t\t\t<div class=\"elementor-image-box-wrapper\"><div class=\"elementor-image-box-content\"><p class=\"elementor-image-box-description\">En Insul-Therm nos comprometemos a fomentar el esp\u00edritu de mejora continua y actitud de servicio, siendo l\u00edderes en la instalaci\u00f3n de sistemas constructivos para lograr la satisfacci\u00f3n de nuestros clientes, cumpliendo con los requisitos aplicables.\n<\/p><\/div><\/div>\t\t<\/div>\n\t\t\t\t<\/div>\n\t\t\t\t\t<\/div>\n\t\t<\/div>\n\t\t\t\t<div class=\"elementor-column elementor-col-50 elementor-inner-column elementor-element elementor-element-179033c7\" data-id=\"179033c7\" data-element_type=\"column\">\n\t\t\t<div class=\"elementor-widget-wrap elementor-element-populated\">\n\t\t\t\t\t\t\t\t<div class=\"elementor-element elementor-element-20c4570f elementor-invisible elementor-widget elementor-widget-image\" data-id=\"20c4570f\" data-element_type=\"widget\" data-settings=\"{&quot;_animation&quot;:&quot;fadeInUp&quot;}\" data-widget_type=\"image.default\">\n\t\t\t\t<div class=\"elementor-widget-container\">\n\t\t\t\t\t\t\t\t\t\t\t\t\t\t\t<img decoding=\"async\" width=\"768\" height=\"1024\" src=\"https:\/\/insul-therm.mx\/insul\/wp-content\/uploads\/2022\/02\/PHOTO-2019-01-14-16-28-36-768x1024.jpg\" class=\"attachment-large size-large\" alt=\"\" srcset=\"https:\/\/insul-therm.mx\/insul\/wp-content\/uploads\/2022\/02\/PHOTO-2019-01-14-16-28-36-768x1024.jpg 768w, https:\/\/insul-therm.mx\/insul\/wp-content\/uploads\/2022\/02\/PHOTO-2019-01-14-16-28-36-225x300.jpg 225w, https:\/\/insul-therm.mx\/insul\/wp-content\/uploads\/2022\/02\/PHOTO-2019-01-14-16-28-36-600x800.jpg 600w, https:\/\/insul-therm.mx\/insul\/wp-content\/uploads\/2022\/02\/PHOTO-2019-01-14-16-28-36.jpg 960w\" sizes=\"(max-width: 768px) 100vw, 768px\" \/>\t\t\t\t\t\t\t\t\t\t\t\t\t\t\t<\/div>\n\t\t\t\t<\/div>\n\t\t\t\t\t<\/div>\n\t\t<\/div>\n\t\t\t\t\t\t\t<\/div>\n\t\t<\/section>\n\t\t\t\t\t<\/div>\n\t\t<\/div>\n\t\t\t\t\t\t\t<\/div>\n\t\t<\/section>\n\t\t\t\t\t\t<\/div>\n\t\t\t\t\t<\/div>\n\t\t","protected":false},"excerpt":{"rendered":"<p>Nosotros Trayectoria En Insul-Therm nos hemos dedicado por m\u00e1s de 25 a\u00f1os a generar soluciones en aislamiento t\u00e9rmico y ac\u00fastico para la industria de la construcci\u00f3n industrial, comercial y residencial.Con el paso del tiempo, se han desarrollado nuevas l\u00edneas de productos, ampliando nuestro abanico de servicios para satisfacer las necesidades de nuestros clientes. Las principales &hellip;<\/p>\n<p class=\"read-more\"> <a class=\"\" href=\"https:\/\/insul-therm.mx\/insul\/index.php\/trayectoria\/\"> <span class=\"screen-reader-text\">Trayectoria<\/span> Leer m\u00e1s \u00bb<\/a><\/p>\n","protected":false},"author":1,"featured_media":0,"parent":0,"menu_order":0,"comment_status":"closed","ping_status":"closed","template":"","meta":{"site-sidebar-layout":"no-sidebar","site-content-layout":"page-builder","ast-global-header-display":"","ast-main-header-display":"","ast-hfb-above-header-display":"","ast-hfb-below-header-display":"","ast-hfb-mobile-header-display":"","site-post-title":"disabled","ast-breadcrumbs-content":"","ast-featured-img":"disabled","footer-sml-layout":"disabled","theme-transparent-header-meta":"enabled","adv-header-id-meta":"","stick-header-meta":"","header-above-stick-meta":"","header-main-stick-meta":"","header-below-stick-meta":"","footnotes":""},"class_list":["post-43","page","type-page","status-publish","hentry"],"uagb_featured_image_src":{"full":false,"thumbnail":false,"medium":false,"medium_large":false,"large":false,"master_addons_team_thumb":false,"1536x1536":false,"2048x2048":false,"woocommerce_thumbnail":false,"woocommerce_single":false,"woocommerce_gallery_thumbnail":false,"shop_catalog":false,"shop_single":false,"shop_thumbnail":false},"uagb_author_info":{"display_name":"admin","author_link":"https:\/\/insul-therm.mx\/insul\/author\/admin\/"},"uagb_comment_info":0,"uagb_excerpt":"Nosotros Trayectoria En Insul-Therm nos hemos dedicado por m\u00e1s de 25 a\u00f1os a generar soluciones en aislamiento t\u00e9rmico y ac\u00fastico para la industria de la construcci\u00f3n industrial, comercial y residencial.Con el paso del tiempo, se han desarrollado nuevas l\u00edneas de productos, ampliando nuestro abanico de servicios para satisfacer las necesidades de nuestros clientes. Las principales&hellip;","_links":{"self":[{"href":"https:\/\/insul-therm.mx\/insul\/index.php\/wp-json\/wp\/v2\/pages\/43","targetHints":{"allow":["GET"]}}],"collection":[{"href":"https:\/\/insul-therm.mx\/insul\/index.php\/wp-json\/wp\/v2\/pages"}],"about":[{"href":"https:\/\/insul-therm.mx\/insul\/index.php\/wp-json\/wp\/v2\/types\/page"}],"author":[{"embeddable":true,"href":"https:\/\/insul-therm.mx\/insul\/index.php\/wp-json\/wp\/v2\/users\/1"}],"replies":[{"embeddable":true,"href":"https:\/\/insul-therm.mx\/insul\/index.php\/wp-json\/wp\/v2\/comments?post=43"}],"version-history":[{"count":18,"href":"https:\/\/insul-therm.mx\/insul\/index.php\/wp-json\/wp\/v2\/pages\/43\/revisions"}],"predecessor-version":[{"id":7571,"href":"https:\/\/insul-therm.mx\/insul\/index.php\/wp-json\/wp\/v2\/pages\/43\/revisions\/7571"}],"wp:attachment":[{"href":"https:\/\/insul-therm.mx\/insul\/index.php\/wp-json\/wp\/v2\/media?parent=43"}],"curies":[{"name":"wp","href":"https:\/\/api.w.org\/{rel}","templated":true}]}}