{"id":5721,"date":"2022-01-12T19:09:36","date_gmt":"2022-01-12T19:09:36","guid":{"rendered":"https:\/\/insul-therm.mx\/insul\/?page_id=5721"},"modified":"2022-01-12T19:15:29","modified_gmt":"2022-01-12T19:15:29","slug":"aviso-de-privacidad","status":"publish","type":"page","link":"https:\/\/insul-therm.mx\/insul\/index.php\/aviso-de-privacidad\/","title":{"rendered":"Aviso de Privacidad"},"content":{"rendered":"\t\t<div data-elementor-type=\"wp-page\" data-elementor-id=\"5721\" class=\"elementor elementor-5721\" data-elementor-settings=\"[]\">\n\t\t\t\t\t\t\t<div class=\"elementor-section-wrap\">\n\t\t\t\t\t\t\t<section data-particle_enable=\"false\" data-particle-mobile-disabled=\"false\" class=\"elementor-section elementor-top-section elementor-element elementor-element-553740f3 elementor-section-height-min-height elementor-section-items-stretch elementor-section-boxed elementor-section-height-default\" data-id=\"553740f3\" data-element_type=\"section\" data-settings=\"{&quot;background_background&quot;:&quot;classic&quot;}\">\n\t\t\t\t\t\t<div class=\"elementor-container elementor-column-gap-default\">\n\t\t\t\t\t<div class=\"elementor-column elementor-col-100 elementor-top-column elementor-element elementor-element-139f1f46\" data-id=\"139f1f46\" data-element_type=\"column\">\n\t\t\t<div class=\"elementor-widget-wrap elementor-element-populated\">\n\t\t\t\t\t\t\t\t<div class=\"elementor-element elementor-element-363b5309 elementor-widget elementor-widget-heading\" data-id=\"363b5309\" data-element_type=\"widget\" data-widget_type=\"heading.default\">\n\t\t\t\t<div class=\"elementor-widget-container\">\n\t\t\t<h1 class=\"elementor-heading-title elementor-size-default\">Aviso de Privacidad<\/h1>\t\t<\/div>\n\t\t\t\t<\/div>\n\t\t\t\t\t<\/div>\n\t\t<\/div>\n\t\t\t\t\t\t\t<\/div>\n\t\t<\/section>\n\t\t\t\t<section data-particle_enable=\"false\" data-particle-mobile-disabled=\"false\" class=\"elementor-section elementor-top-section elementor-element elementor-element-1c2c2717 elementor-section-boxed elementor-section-height-default elementor-section-height-default\" data-id=\"1c2c2717\" data-element_type=\"section\">\n\t\t\t\t\t\t<div class=\"elementor-container elementor-column-gap-default\">\n\t\t\t\t\t<div class=\"elementor-column elementor-col-100 elementor-top-column elementor-element elementor-element-3d95f9a7\" data-id=\"3d95f9a7\" data-element_type=\"column\">\n\t\t\t<div class=\"elementor-widget-wrap elementor-element-populated\">\n\t\t\t\t\t\t\t\t<div class=\"elementor-element elementor-element-ee7ca12 elementor-widget__width-auto elementor-absolute elementor-view-default elementor-widget elementor-widget-icon\" data-id=\"ee7ca12\" data-element_type=\"widget\" data-settings=\"{&quot;_position&quot;:&quot;absolute&quot;}\" data-widget_type=\"icon.default\">\n\t\t\t\t<div class=\"elementor-widget-container\">\n\t\t\t\t\t<div class=\"elementor-icon-wrapper\">\n\t\t\t<div class=\"elementor-icon\">\n\t\t\t\t\t\t<\/div>\n\t\t<\/div>\n\t\t\t\t<\/div>\n\t\t\t\t<\/div>\n\t\t\t\t<section data-particle_enable=\"false\" data-particle-mobile-disabled=\"false\" class=\"elementor-section elementor-inner-section elementor-element elementor-element-56ad2e78 elementor-section-boxed elementor-section-height-default elementor-section-height-default\" data-id=\"56ad2e78\" data-element_type=\"section\">\n\t\t\t\t\t\t<div class=\"elementor-container elementor-column-gap-default\">\n\t\t\t\t\t<div class=\"elementor-column elementor-col-100 elementor-inner-column elementor-element elementor-element-2ca5d641\" data-id=\"2ca5d641\" data-element_type=\"column\">\n\t\t\t<div class=\"elementor-widget-wrap elementor-element-populated\">\n\t\t\t\t\t\t\t\t<div class=\"elementor-element elementor-element-202f28f6 elementor-widget elementor-widget-text-editor\" data-id=\"202f28f6\" data-element_type=\"widget\" data-widget_type=\"text-editor.default\">\n\t\t\t\t<div class=\"elementor-widget-container\">\n\t\t\t\t\t\t\t<div class=\"page-header\">\u00a0<\/div><div class=\"entry-header\">Con fundamento en los art\u00edculos 15 y 16 de la <b>Ley Federal de Protecci\u00f3n de Datos Personales en Posesi\u00f3n de Particulares<\/b>\u00a0hacemos de su conocimiento que\u00a0<b>Insul therm products, S.A. de C.V.<\/b>, con domicilio en\u00a0<b>Bernardo reyes # 2623 col. bella vista 64410 Monterrey, Nuevo Le\u00f3n C.P. 64410 M\u00e9xico<\/b>\u00a0es responsable de recabar sus datos personales, del uso que se le d\u00e9 a los mismos y de su protecci\u00f3n.<\/div><div class=\"article-body\"><p>Su informaci\u00f3n personal ser\u00e1 utilizada para las siguientes finalidades: proveer los servicios y productos que ha solicitado; notificarle sobre nuevos servicios o productos que tengan relaci\u00f3n con los ya contratados o adquiridos; comunicarle sobre cambios en los mismos; elaborar estudios y programas que son necesarios para determinar h\u00e1bitos de consumo; realizar evaluaciones peri\u00f3dicas de nuestros productos y servicios a efecto de mejorar la calidad de los mismos; evaluar la calidad del servicio que brindamos, y en general, para dar cumplimiento a las obligaciones que hemos contra\u00eddo con usted.<\/p><p>Para las finalidades antes mencionadas, requerimos obtener los siguientes datos personales:<\/p><ul><li><b>Nombre completo<\/b><\/li><li><b>Tel\u00e9fono fijo y\/o celular<\/b><\/li><li><b>Correo electr\u00f3nico<\/b><\/li><li><b>Firma aut\u00f3grafa<\/b><\/li><li><b>Direcci\u00f3n<\/b><\/li><li><b>RFC y\/o CURP<\/b><\/li><\/ul><p>Es importante informarle que usted tiene derecho al Acceso, Rectificaci\u00f3n y Cancelaci\u00f3n de sus datos personales, a Oponerse al tratamiento de los mismos o a revocar el consentimiento que para dicho fin nos haya otorgado.<\/p><p>Para ello, es necesario que env\u00ede la solicitud en los t\u00e9rminos que marca la Ley en su Art. 29 a Melit\u00f3n Chapa Arriaga, responsable de nuestro Departamento de Protecci\u00f3n de Datos Personales, ubicado en Bernardo reyes # 2623 Col. Bella Vista, C.P. 64410 Monterrey, Nuevo Le\u00f3n. M\u00e9xico, o bien, se comunique al tel\u00e9fono 81 8220 8223 o v\u00eda correo electr\u00f3nico a <span id=\"cloak7dacc7a38315ca904272a850f4d91783\"><a href=\"mailto:mchapa@insul-therm.com.mx\">mchapa@insul-therm.com.mx<\/a><\/span>, el cual solicitamos confirme v\u00eda telef\u00f3nica para garantizar su correcta recepci\u00f3n.<\/p><p>Importante: Cualquier modificaci\u00f3n a este Aviso de Privacidad podr\u00e1 consultarlo en <a href=\"http:\/\/www.insul-therm.com.mx\/\" target=\"_blank\" rel=\"noopener\">http:\/\/www.insul-therm.com.mx<\/a><\/p><p>Fecha de \u00faltima actualizaci\u00f3n: 04\/01\/2014 |\u00a0<a href=\"http:\/\/www.protecciondedatospersonales.org\/\" target=\"_blank\" rel=\"noopener\">Protecci\u00f3n de Datos Personales<\/a><\/p><p>Fin del Aviso de Privacidad<\/p><\/div>\t\t\t\t\t\t<\/div>\n\t\t\t\t<\/div>\n\t\t\t\t\t<\/div>\n\t\t<\/div>\n\t\t\t\t\t\t\t<\/div>\n\t\t<\/section>\n\t\t\t\t\t<\/div>\n\t\t<\/div>\n\t\t\t\t\t\t\t<\/div>\n\t\t<\/section>\n\t\t\t\t\t\t<\/div>\n\t\t\t\t\t<\/div>\n\t\t","protected":false},"excerpt":{"rendered":"<p>Aviso de Privacidad \u00a0Con fundamento en los art\u00edculos 15 y 16 de la Ley Federal de Protecci\u00f3n de Datos Personales en Posesi\u00f3n de Particulares\u00a0hacemos de su conocimiento que\u00a0Insul therm products, S.A. de C.V., con domicilio en\u00a0Bernardo reyes # 2623 col. bella vista 64410 Monterrey, Nuevo Le\u00f3n C.P. 64410 M\u00e9xico\u00a0es responsable de recabar sus datos personales, &hellip;<\/p>\n<p class=\"read-more\"> <a class=\"\" href=\"https:\/\/insul-therm.mx\/insul\/index.php\/aviso-de-privacidad\/\"> <span class=\"screen-reader-text\">Aviso de Privacidad<\/span> Leer m\u00e1s \u00bb<\/a><\/p>\n","protected":false},"author":1,"featured_media":0,"parent":0,"menu_order":0,"comment_status":"closed","ping_status":"closed","template":"","meta":{"site-sidebar-layout":"no-sidebar","site-content-layout":"page-builder","ast-global-header-display":"","ast-main-header-display":"","ast-hfb-above-header-display":"","ast-hfb-below-header-display":"","ast-hfb-mobile-header-display":"","site-post-title":"disabled","ast-breadcrumbs-content":"","ast-featured-img":"disabled","footer-sml-layout":"","theme-transparent-header-meta":"","adv-header-id-meta":"","stick-header-meta":"","header-above-stick-meta":"","header-main-stick-meta":"","header-below-stick-meta":"","footnotes":""},"class_list":["post-5721","page","type-page","status-publish","hentry"],"uagb_featured_image_src":{"full":false,"thumbnail":false,"medium":false,"medium_large":false,"large":false,"master_addons_team_thumb":false,"1536x1536":false,"2048x2048":false,"woocommerce_thumbnail":false,"woocommerce_single":false,"woocommerce_gallery_thumbnail":false,"shop_catalog":false,"shop_single":false,"shop_thumbnail":false},"uagb_author_info":{"display_name":"admin","author_link":"https:\/\/insul-therm.mx\/insul\/author\/admin\/"},"uagb_comment_info":0,"uagb_excerpt":"Aviso de Privacidad \u00a0Con fundamento en los art\u00edculos 15 y 16 de la Ley Federal de Protecci\u00f3n de Datos Personales en Posesi\u00f3n de Particulares\u00a0hacemos de su conocimiento que\u00a0Insul therm products, S.A. de C.V., con domicilio en\u00a0Bernardo reyes # 2623 col. bella vista 64410 Monterrey, Nuevo Le\u00f3n C.P. 64410 M\u00e9xico\u00a0es responsable de recabar sus datos personales,&hellip;","_links":{"self":[{"href":"https:\/\/insul-therm.mx\/insul\/index.php\/wp-json\/wp\/v2\/pages\/5721","targetHints":{"allow":["GET"]}}],"collection":[{"href":"https:\/\/insul-therm.mx\/insul\/index.php\/wp-json\/wp\/v2\/pages"}],"about":[{"href":"https:\/\/insul-therm.mx\/insul\/index.php\/wp-json\/wp\/v2\/types\/page"}],"author":[{"embeddable":true,"href":"https:\/\/insul-therm.mx\/insul\/index.php\/wp-json\/wp\/v2\/users\/1"}],"replies":[{"embeddable":true,"href":"https:\/\/insul-therm.mx\/insul\/index.php\/wp-json\/wp\/v2\/comments?post=5721"}],"version-history":[{"count":0,"href":"https:\/\/insul-therm.mx\/insul\/index.php\/wp-json\/wp\/v2\/pages\/5721\/revisions"}],"wp:attachment":[{"href":"https:\/\/insul-therm.mx\/insul\/index.php\/wp-json\/wp\/v2\/media?parent=5721"}],"curies":[{"name":"wp","href":"https:\/\/api.w.org\/{rel}","templated":true}]}}