{"id":3717,"date":"2021-07-23T21:36:46","date_gmt":"2021-07-23T21:36:46","guid":{"rendered":"https:\/\/lanamineral.com.mx\/prueba\/?post_type=product&#038;p=3717"},"modified":"2022-03-11T15:54:12","modified_gmt":"2022-03-11T15:54:12","slug":"jacketing-pipe","status":"publish","type":"product","link":"https:\/\/insul-therm.mx\/insul\/index.php\/producto\/jacketing-pipe\/","title":{"rendered":"Jacketing pipe"},"content":{"rendered":"","protected":false},"excerpt":{"rendered":"<p>Rollos de l\u00e1mina de acero inoxidable, aluminio o PVC para protecci\u00f3n del aislamiento en tuber\u00edas, resistente a la corrosi\u00f3n y es una excelente barrera de vapor.<\/p>\n","protected":false},"featured_media":4266,"comment_status":"open","ping_status":"closed","template":"","meta":{"site-sidebar-layout":"default","site-content-layout":"default","ast-global-header-display":"","ast-main-header-display":"","ast-hfb-above-header-display":"","ast-hfb-below-header-display":"","ast-hfb-mobile-header-display":"","site-post-title":"","ast-breadcrumbs-content":"","ast-featured-img":"","footer-sml-layout":"","theme-transparent-header-meta":"default","adv-header-id-meta":"","stick-header-meta":"default","header-above-stick-meta":"","header-main-stick-meta":"","header-below-stick-meta":""},"product_cat":[40,42],"product_tag":[56],"class_list":["post-3717","product","type-product","status-publish","has-post-thumbnail","hentry","product_cat-hvac","product_cat-metales-hvac","product_tag-productos-de-temporada","desktop-align-left","tablet-align-left","mobile-align-left","ast-product-gallery-layout-horizontal-slider","ast-product-gallery-with-no-image","ast-product-tabs-layout-horizontal"],"_links":{"self":[{"href":"https:\/\/insul-therm.mx\/insul\/index.php\/wp-json\/wp\/v2\/product\/3717","targetHints":{"allow":["GET"]}}],"collection":[{"href":"https:\/\/insul-therm.mx\/insul\/index.php\/wp-json\/wp\/v2\/product"}],"about":[{"href":"https:\/\/insul-therm.mx\/insul\/index.php\/wp-json\/wp\/v2\/types\/product"}],"replies":[{"embeddable":true,"href":"https:\/\/insul-therm.mx\/insul\/index.php\/wp-json\/wp\/v2\/comments?post=3717"}],"version-history":[{"count":1,"href":"https:\/\/insul-therm.mx\/insul\/index.php\/wp-json\/wp\/v2\/product\/3717\/revisions"}],"predecessor-version":[{"id":6431,"href":"https:\/\/insul-therm.mx\/insul\/index.php\/wp-json\/wp\/v2\/product\/3717\/revisions\/6431"}],"wp:featuredmedia":[{"embeddable":true,"href":"https:\/\/insul-therm.mx\/insul\/index.php\/wp-json\/wp\/v2\/media\/4266"}],"wp:attachment":[{"href":"https:\/\/insul-therm.mx\/insul\/index.php\/wp-json\/wp\/v2\/media?parent=3717"}],"wp:term":[{"taxonomy":"product_cat","embeddable":true,"href":"https:\/\/insul-therm.mx\/insul\/index.php\/wp-json\/wp\/v2\/product_cat?post=3717"},{"taxonomy":"product_tag","embeddable":true,"href":"https:\/\/insul-therm.mx\/insul\/index.php\/wp-json\/wp\/v2\/product_tag?post=3717"}],"curies":[{"name":"wp","href":"https:\/\/api.w.org\/{rel}","templated":true}]}}