{"id":3842,"date":"2021-08-04T21:57:27","date_gmt":"2021-08-04T21:57:27","guid":{"rendered":"https:\/\/lanamineral.com.mx\/prueba\/?post_type=product&#038;p=3842"},"modified":"2021-09-28T22:04:22","modified_gmt":"2021-09-28T22:04:22","slug":"rollo-serie-300","status":"publish","type":"product","link":"https:\/\/insul-therm.mx\/insul\/index.php\/producto\/rollo-serie-300\/","title":{"rendered":"Rollo serie 300 AISI"},"content":{"rendered":"","protected":false},"excerpt":{"rendered":"<p>Es la m\u00e1s extensa, mantiene alto contenido de n\u00edquel y hasta 2% de manganeso. Tambi\u00e9n puede contener molibdeno, cobre, silicio, aluminio, titanio y niobio, elementos que son adicionados para conferir ciertas caracter\u00edsticas. En ciertos tipos se usa azufre o selenio para mejorar su habilidad de ser maquinados.<\/p>\n","protected":false},"featured_media":3843,"comment_status":"open","ping_status":"closed","template":"","meta":{"site-sidebar-layout":"no-sidebar","site-content-layout":"page-builder","ast-global-header-display":"","ast-main-header-display":"","ast-hfb-above-header-display":"","ast-hfb-below-header-display":"","ast-hfb-mobile-header-display":"","site-post-title":"disabled","ast-breadcrumbs-content":"","ast-featured-img":"disabled","footer-sml-layout":"","theme-transparent-header-meta":"default","adv-header-id-meta":"","stick-header-meta":"","header-above-stick-meta":"","header-main-stick-meta":"","header-below-stick-meta":""},"product_cat":[63,37,58],"product_tag":[56],"class_list":["post-3842","product","type-product","status-publish","has-post-thumbnail","hentry","product_cat-acero-inoxidable","product_cat-laminas-y-metales","product_cat-rollos","product_tag-productos-de-temporada","desktop-align-left","tablet-align-left","mobile-align-left","ast-product-gallery-layout-horizontal-slider","ast-product-gallery-with-no-image","ast-product-tabs-layout-horizontal"],"_links":{"self":[{"href":"https:\/\/insul-therm.mx\/insul\/index.php\/wp-json\/wp\/v2\/product\/3842","targetHints":{"allow":["GET"]}}],"collection":[{"href":"https:\/\/insul-therm.mx\/insul\/index.php\/wp-json\/wp\/v2\/product"}],"about":[{"href":"https:\/\/insul-therm.mx\/insul\/index.php\/wp-json\/wp\/v2\/types\/product"}],"replies":[{"embeddable":true,"href":"https:\/\/insul-therm.mx\/insul\/index.php\/wp-json\/wp\/v2\/comments?post=3842"}],"version-history":[{"count":0,"href":"https:\/\/insul-therm.mx\/insul\/index.php\/wp-json\/wp\/v2\/product\/3842\/revisions"}],"wp:featuredmedia":[{"embeddable":true,"href":"https:\/\/insul-therm.mx\/insul\/index.php\/wp-json\/wp\/v2\/media\/3843"}],"wp:attachment":[{"href":"https:\/\/insul-therm.mx\/insul\/index.php\/wp-json\/wp\/v2\/media?parent=3842"}],"wp:term":[{"taxonomy":"product_cat","embeddable":true,"href":"https:\/\/insul-therm.mx\/insul\/index.php\/wp-json\/wp\/v2\/product_cat?post=3842"},{"taxonomy":"product_tag","embeddable":true,"href":"https:\/\/insul-therm.mx\/insul\/index.php\/wp-json\/wp\/v2\/product_tag?post=3842"}],"curies":[{"name":"wp","href":"https:\/\/api.w.org\/{rel}","templated":true}]}}