{"id":4574,"date":"2021-09-21T21:01:46","date_gmt":"2021-09-21T21:01:46","guid":{"rendered":"https:\/\/lanamineral.com.mx\/prueba\/?post_type=product&#038;p=4574"},"modified":"2021-09-21T21:01:46","modified_gmt":"2021-09-21T21:01:46","slug":"aluminio-3003","status":"publish","type":"product","link":"https:\/\/insul-therm.mx\/insul\/index.php\/producto\/aluminio-3003\/","title":{"rendered":"Aluminio\u00a03003"},"content":{"rendered":"<p>Usos<\/p>\n<p>Paneles decorativos anodizables, industria automotriz, electr\u00f3nica, envases de todo tipo, utensilios dom\u00e9sticos, ductos, elementos arquitect\u00f3nicos, tubo aletado, intercambiadores de calor, partes para electrodom\u00e9sticos.<\/p>\n<p>Ventajas<\/p>\n<p>Posee un buen acabado, tiene una excelente formabilidad, se suelda bien, tiene una resistencia moderada y resiste la corrosi\u00f3n. Estos atributos permiten que este metal tenga \u00e9xito en una variedad de aplicaciones y es por eso que se considera la aleaci\u00f3n de aluminio de uso general m\u00e1s popular.<\/p>\n","protected":false},"excerpt":{"rendered":"<p>Aleaci\u00f3n de aluminio con adici\u00f3n de Mn y Cu para incrementar la resistencia a la tensi\u00f3n, anodizable, buen acabado superficial para decoraci\u00f3n, \u00f3ptima conformaci\u00f3n en fr\u00edo, moderada resistencia mec\u00e1nica, buena resistencia a la corrosi\u00f3n.<\/p>\n","protected":false},"featured_media":4572,"comment_status":"open","ping_status":"closed","template":"","meta":{"site-sidebar-layout":"default","site-content-layout":"default","ast-global-header-display":"","ast-main-header-display":"","ast-hfb-above-header-display":"","ast-hfb-below-header-display":"","ast-hfb-mobile-header-display":"","site-post-title":"","ast-breadcrumbs-content":"","ast-featured-img":"","footer-sml-layout":"","theme-transparent-header-meta":"default","adv-header-id-meta":"","stick-header-meta":"","header-above-stick-meta":"","header-main-stick-meta":"","header-below-stick-meta":""},"product_cat":[64,37,69],"product_tag":[],"class_list":["post-4574","product","type-product","status-publish","has-post-thumbnail","hentry","product_cat-aluminio","product_cat-laminas-y-metales","product_cat-rollos-aluminio","desktop-align-left","tablet-align-left","mobile-align-left","ast-product-gallery-layout-horizontal-slider","ast-product-gallery-with-no-image","ast-product-tabs-layout-horizontal"],"_links":{"self":[{"href":"https:\/\/insul-therm.mx\/insul\/index.php\/wp-json\/wp\/v2\/product\/4574","targetHints":{"allow":["GET"]}}],"collection":[{"href":"https:\/\/insul-therm.mx\/insul\/index.php\/wp-json\/wp\/v2\/product"}],"about":[{"href":"https:\/\/insul-therm.mx\/insul\/index.php\/wp-json\/wp\/v2\/types\/product"}],"replies":[{"embeddable":true,"href":"https:\/\/insul-therm.mx\/insul\/index.php\/wp-json\/wp\/v2\/comments?post=4574"}],"version-history":[{"count":0,"href":"https:\/\/insul-therm.mx\/insul\/index.php\/wp-json\/wp\/v2\/product\/4574\/revisions"}],"wp:featuredmedia":[{"embeddable":true,"href":"https:\/\/insul-therm.mx\/insul\/index.php\/wp-json\/wp\/v2\/media\/4572"}],"wp:attachment":[{"href":"https:\/\/insul-therm.mx\/insul\/index.php\/wp-json\/wp\/v2\/media?parent=4574"}],"wp:term":[{"taxonomy":"product_cat","embeddable":true,"href":"https:\/\/insul-therm.mx\/insul\/index.php\/wp-json\/wp\/v2\/product_cat?post=4574"},{"taxonomy":"product_tag","embeddable":true,"href":"https:\/\/insul-therm.mx\/insul\/index.php\/wp-json\/wp\/v2\/product_tag?post=4574"}],"curies":[{"name":"wp","href":"https:\/\/api.w.org\/{rel}","templated":true}]}}