{"id":4894,"date":"2021-09-28T20:23:31","date_gmt":"2021-09-28T20:23:31","guid":{"rendered":"https:\/\/lanamineral.com.mx\/prueba\/?post_type=product&#038;p=4894"},"modified":"2026-05-07T18:34:56","modified_gmt":"2026-05-07T18:34:56","slug":"acrylprimer","status":"publish","type":"product","link":"https:\/\/insul-therm.mx\/insul\/index.php\/producto\/acrylprimer\/","title":{"rendered":"Acrylprimer"},"content":{"rendered":"<p>Es un primario acr\u00edlico con altos s\u00f3lidos y viscosidad media, desarrollado especialmente para contribuir al \u00f3ptimo anclaje entre Morteros de Reparaci\u00f3n RETEX y los substratos deteriorados. As\u00ed mismo, ACRYLPRIMER es un excelente primario que busca optimizar la capacidad de nivelaci\u00f3n y la uni\u00f3n tenaz de los pisos Autonivelantes NIVELTEX con las superficies a nivelar que sean de concreto, madera, cer\u00e1mica, entre otras.<\/p>\n<p>Ventajas<\/p>\n<p>Primario acr\u00edlico de alto desempe\u00f1o y altos s\u00f3lidos<br \/>\nExtraordinaria capacidad adherente<br \/>\nExcelente como sellador acr\u00edlico en substratos porosos<br \/>\nExcelente dispersi\u00f3n en la mezcla, mejorando su manejabilidad<\/p>\n","protected":false},"excerpt":{"rendered":"<p>Es un primario acr\u00edlico con altos s\u00f3lidos y viscosidad media, desarrollado especialmente para contribuir al \u00f3ptimo anclaje entre Morteros de Reparaci\u00f3n RETEX y los substratos deteriorados.<\/p>\n","protected":false},"featured_media":4895,"comment_status":"open","ping_status":"closed","template":"","meta":{"site-sidebar-layout":"default","site-content-layout":"default","ast-global-header-display":"","ast-main-header-display":"","ast-hfb-above-header-display":"","ast-hfb-below-header-display":"","ast-hfb-mobile-header-display":"","site-post-title":"","ast-breadcrumbs-content":"","ast-featured-img":"","footer-sml-layout":"","theme-transparent-header-meta":"default","adv-header-id-meta":"","stick-header-meta":"default","header-above-stick-meta":"","header-main-stick-meta":"","header-below-stick-meta":""},"product_cat":[52,53],"product_tag":[110,99,103,112,108,106,107,105,100,111,101,56,102,104,109],"class_list":["post-4894","product","type-product","status-publish","has-post-thumbnail","hentry","product_cat-impermeabilizantes","product_cat-retex","product_tag-adherencia-concreto-nuevo-a-viejo","product_tag-dame-el-set-final-separado-por-comas1234-p-m-claude-respondio-acrylprimer","product_tag-imprimacion-para-mortero-autonivelante","product_tag-insul-therm","product_tag-lechada-de-anclaje","product_tag-morteros-de-repaacrylprimer","product_tag-morteros-de-reparacion","product_tag-niveltex","product_tag-primario-acrilico","product_tag-primario-acrilico-monterrey","product_tag-primario-acrilico-para-mortero","product_tag-productos-de-temporada","product_tag-puente-de-adherencia","product_tag-retex","product_tag-sellador-para-concreto-poroso","desktop-align-left","tablet-align-left","mobile-align-left","ast-product-gallery-layout-horizontal-slider","ast-product-gallery-with-no-image","ast-product-tabs-layout-horizontal"],"_links":{"self":[{"href":"https:\/\/insul-therm.mx\/insul\/index.php\/wp-json\/wp\/v2\/product\/4894","targetHints":{"allow":["GET"]}}],"collection":[{"href":"https:\/\/insul-therm.mx\/insul\/index.php\/wp-json\/wp\/v2\/product"}],"about":[{"href":"https:\/\/insul-therm.mx\/insul\/index.php\/wp-json\/wp\/v2\/types\/product"}],"replies":[{"embeddable":true,"href":"https:\/\/insul-therm.mx\/insul\/index.php\/wp-json\/wp\/v2\/comments?post=4894"}],"version-history":[{"count":2,"href":"https:\/\/insul-therm.mx\/insul\/index.php\/wp-json\/wp\/v2\/product\/4894\/revisions"}],"predecessor-version":[{"id":7706,"href":"https:\/\/insul-therm.mx\/insul\/index.php\/wp-json\/wp\/v2\/product\/4894\/revisions\/7706"}],"wp:featuredmedia":[{"embeddable":true,"href":"https:\/\/insul-therm.mx\/insul\/index.php\/wp-json\/wp\/v2\/media\/4895"}],"wp:attachment":[{"href":"https:\/\/insul-therm.mx\/insul\/index.php\/wp-json\/wp\/v2\/media?parent=4894"}],"wp:term":[{"taxonomy":"product_cat","embeddable":true,"href":"https:\/\/insul-therm.mx\/insul\/index.php\/wp-json\/wp\/v2\/product_cat?post=4894"},{"taxonomy":"product_tag","embeddable":true,"href":"https:\/\/insul-therm.mx\/insul\/index.php\/wp-json\/wp\/v2\/product_tag?post=4894"}],"curies":[{"name":"wp","href":"https:\/\/api.w.org\/{rel}","templated":true}]}}