{"id":4989,"date":"2021-09-30T20:35:40","date_gmt":"2021-09-30T20:35:40","guid":{"rendered":"https:\/\/lanamineral.com.mx\/prueba\/?post_type=product&#038;p=4989"},"modified":"2022-01-18T22:31:31","modified_gmt":"2022-01-18T22:31:31","slug":"sanigrid-suspension","status":"publish","type":"product","link":"https:\/\/insul-therm.mx\/insul\/index.php\/producto\/sanigrid-suspension\/","title":{"rendered":"Suspensi\u00f3n Sanigrid"},"content":{"rendered":"<p>Usos<\/p>\n<p>Se pueden usar en la fabricaci\u00f3n de un laboratorio, pasillos residenciales, el en el \u00e1rea de trabajo de un taller de reparaci\u00f3n de veh\u00edculos, comedores empresariales, quir\u00f3fanos de hospitales, guarder\u00edas. Etc.<\/p>\n<p>Para el sector: Salud, hospitales, laboratorios, residencias de adultos mayores, consultorios y cl\u00ednicas.<\/p>\n<p>Industrial: Plantas qu\u00edmicas, procesadoras de alimentos, comedores de empresas, c\u00e1maras frigor\u00edficas.<\/p>\n<p>Comercial: Supermercados, cocinas, restaurantes, hoteles, oficinas.<\/p>\n<p>Deportivo: Universidades, escuelas, guarder\u00edas.<\/p>\n<p>Sector Residencial: Ba\u00f1os, cocinas, lavander\u00edas.<\/p>\n<p>Ventajas<\/p>\n<p>*Grado alimenticio 100% libre de g\u00e9rmenes.<br \/>\n*Fabricado con resinas pl\u00e1sticas reforzadas con fibra de vidrio<br \/>\n*Menor tiempo de montaje por su dise\u00f1o.<br \/>\n*Lavable y no absorbe olores.<br \/>\n*Resistencia a la humedad, el moho, productos qu\u00edmicos y a impactos fuertes.<br \/>\n*Adaptaci\u00f3n estructural para a pr\u00e1cticamente cualquier superficie mural.<\/p>\n","protected":false},"excerpt":{"rendered":"<p>Sistema de suspensi\u00f3n para plafones\/cielos falsos fabricado con fibra de vidrio, con estandares ante la:<br \/>\nHumedad, qu\u00edmicos y moho.<\/p>\n","protected":false},"featured_media":5824,"comment_status":"open","ping_status":"closed","template":"","meta":{"site-sidebar-layout":"default","site-content-layout":"default","ast-global-header-display":"","ast-main-header-display":"","ast-hfb-above-header-display":"","ast-hfb-below-header-display":"","ast-hfb-mobile-header-display":"","site-post-title":"","ast-breadcrumbs-content":"","ast-featured-img":"","footer-sml-layout":"","theme-transparent-header-meta":"default","adv-header-id-meta":"","stick-header-meta":"default","header-above-stick-meta":"","header-main-stick-meta":"","header-below-stick-meta":""},"product_cat":[71,72],"product_tag":[],"class_list":["post-4989","product","type-product","status-publish","has-post-thumbnail","hentry","product_cat-acabados-higienicos","product_cat-liner-panel-frp-construccion","desktop-align-left","tablet-align-left","mobile-align-left","ast-product-gallery-layout-horizontal-slider","ast-product-gallery-with-no-image","ast-product-tabs-layout-horizontal"],"_links":{"self":[{"href":"https:\/\/insul-therm.mx\/insul\/index.php\/wp-json\/wp\/v2\/product\/4989","targetHints":{"allow":["GET"]}}],"collection":[{"href":"https:\/\/insul-therm.mx\/insul\/index.php\/wp-json\/wp\/v2\/product"}],"about":[{"href":"https:\/\/insul-therm.mx\/insul\/index.php\/wp-json\/wp\/v2\/types\/product"}],"replies":[{"embeddable":true,"href":"https:\/\/insul-therm.mx\/insul\/index.php\/wp-json\/wp\/v2\/comments?post=4989"}],"version-history":[{"count":4,"href":"https:\/\/insul-therm.mx\/insul\/index.php\/wp-json\/wp\/v2\/product\/4989\/revisions"}],"predecessor-version":[{"id":5890,"href":"https:\/\/insul-therm.mx\/insul\/index.php\/wp-json\/wp\/v2\/product\/4989\/revisions\/5890"}],"wp:featuredmedia":[{"embeddable":true,"href":"https:\/\/insul-therm.mx\/insul\/index.php\/wp-json\/wp\/v2\/media\/5824"}],"wp:attachment":[{"href":"https:\/\/insul-therm.mx\/insul\/index.php\/wp-json\/wp\/v2\/media?parent=4989"}],"wp:term":[{"taxonomy":"product_cat","embeddable":true,"href":"https:\/\/insul-therm.mx\/insul\/index.php\/wp-json\/wp\/v2\/product_cat?post=4989"},{"taxonomy":"product_tag","embeddable":true,"href":"https:\/\/insul-therm.mx\/insul\/index.php\/wp-json\/wp\/v2\/product_tag?post=4989"}],"curies":[{"name":"wp","href":"https:\/\/api.w.org\/{rel}","templated":true}]}}