{"id":5463,"date":"2021-12-15T14:41:40","date_gmt":"2021-12-15T14:41:40","guid":{"rendered":"https:\/\/lanamineral.com.mx\/prueba\/?post_type=product&#038;p=5463"},"modified":"2021-12-15T14:41:41","modified_gmt":"2021-12-15T14:41:41","slug":"impac-3000","status":"publish","type":"product","link":"https:\/\/insul-therm.mx\/insul\/index.php\/producto\/impac-3000\/","title":{"rendered":"Impac 3000"},"content":{"rendered":"<p>IMPAC 3000 contiene part\u00edculas cer\u00e1micas que reflejan los rayos solares (color blanco) y disminuyen el paso del calor generando ahorro de energ\u00eda y confort.<\/p>\n<p>Ventajas<\/p>\n<p>*Posee una alta elongaci\u00f3n que lo hace<br \/>\nresistente a contracciones y expansiones.<br \/>\n*Resistente a los hongos.<br \/>\n*Base agua.<br \/>\n*Contiene part\u00edculas cer\u00e1micas que reflejan los rayos solares<br \/>\n(color blanco) y disminuyen el paso del calor generando ahorro<br \/>\nde energ\u00eda y confort.<\/p>\n","protected":false},"excerpt":{"rendered":"<p>Est\u00e1 formulado en base acuosa sin solventes ni componentes da\u00f1inos al medio ambiente. Tiene una vida m\u00ednima garantizada de 3 a\u00f1os<\/p>\n","protected":false},"featured_media":5464,"comment_status":"open","ping_status":"closed","template":"","meta":{"site-sidebar-layout":"default","site-content-layout":"default","ast-global-header-display":"","ast-main-header-display":"","ast-hfb-above-header-display":"","ast-hfb-below-header-display":"","ast-hfb-mobile-header-display":"","site-post-title":"","ast-breadcrumbs-content":"","ast-featured-img":"","footer-sml-layout":"","theme-transparent-header-meta":"default","adv-header-id-meta":"","stick-header-meta":"default","header-above-stick-meta":"","header-main-stick-meta":"","header-below-stick-meta":""},"product_cat":[57,52],"product_tag":[],"class_list":["post-5463","product","type-product","status-publish","has-post-thumbnail","hentry","product_cat-impac","product_cat-impermeabilizantes","desktop-align-left","tablet-align-left","mobile-align-left","ast-product-gallery-layout-horizontal-slider","ast-product-gallery-with-no-image","ast-product-tabs-layout-horizontal"],"_links":{"self":[{"href":"https:\/\/insul-therm.mx\/insul\/index.php\/wp-json\/wp\/v2\/product\/5463","targetHints":{"allow":["GET"]}}],"collection":[{"href":"https:\/\/insul-therm.mx\/insul\/index.php\/wp-json\/wp\/v2\/product"}],"about":[{"href":"https:\/\/insul-therm.mx\/insul\/index.php\/wp-json\/wp\/v2\/types\/product"}],"replies":[{"embeddable":true,"href":"https:\/\/insul-therm.mx\/insul\/index.php\/wp-json\/wp\/v2\/comments?post=5463"}],"version-history":[{"count":0,"href":"https:\/\/insul-therm.mx\/insul\/index.php\/wp-json\/wp\/v2\/product\/5463\/revisions"}],"wp:featuredmedia":[{"embeddable":true,"href":"https:\/\/insul-therm.mx\/insul\/index.php\/wp-json\/wp\/v2\/media\/5464"}],"wp:attachment":[{"href":"https:\/\/insul-therm.mx\/insul\/index.php\/wp-json\/wp\/v2\/media?parent=5463"}],"wp:term":[{"taxonomy":"product_cat","embeddable":true,"href":"https:\/\/insul-therm.mx\/insul\/index.php\/wp-json\/wp\/v2\/product_cat?post=5463"},{"taxonomy":"product_tag","embeddable":true,"href":"https:\/\/insul-therm.mx\/insul\/index.php\/wp-json\/wp\/v2\/product_tag?post=5463"}],"curies":[{"name":"wp","href":"https:\/\/api.w.org\/{rel}","templated":true}]}}