{"id":5475,"date":"2021-12-15T15:00:15","date_gmt":"2021-12-15T15:00:15","guid":{"rendered":"https:\/\/lanamineral.com.mx\/prueba\/?post_type=product&#038;p=5475"},"modified":"2021-12-15T16:33:57","modified_gmt":"2021-12-15T16:33:57","slug":"impac-wr-500","status":"publish","type":"product","link":"https:\/\/insul-therm.mx\/insul\/index.php\/producto\/impac-wr-500\/","title":{"rendered":"Impac WR-500"},"content":{"rendered":"<p>Est\u00e1 formulado con base a compuestos cementosos, fibras y aditivos que penetran en el concreto imparti\u00e9ndoles resistencia a la presi\u00f3n hidrost\u00e1tica. Se puede utilizar en todo tipo de concreto o morteros que est\u00e9n en contacto continuo con agua o humedad, como en el caso de tanques, t\u00faneles, jardineras, c\u00e1rcamos, ba\u00f1os, cimentaciones adem\u00e1s de muros, azoteas y para resanar fisuras o grietas menores de 1.5 cm.<\/p>\n","protected":false},"excerpt":{"rendered":"<p>IMPAC WR-500 Impermeabilizante cementico bratado y sellador de fisuras.<\/p>\n<p>Es un impermeabilizante cementoso en polvo de color gris o blanco que se utiliza para proteger muros de concreto que van ha estar expuestos a inmersi\u00f3n continua, as\u00ed como para prevenir la humedad y salitre.<\/p>\n","protected":false},"featured_media":5476,"comment_status":"open","ping_status":"closed","template":"","meta":{"site-sidebar-layout":"default","site-content-layout":"default","ast-global-header-display":"","ast-main-header-display":"","ast-hfb-above-header-display":"","ast-hfb-below-header-display":"","ast-hfb-mobile-header-display":"","site-post-title":"","ast-breadcrumbs-content":"","ast-featured-img":"","footer-sml-layout":"","theme-transparent-header-meta":"default","adv-header-id-meta":"","stick-header-meta":"default","header-above-stick-meta":"","header-main-stick-meta":"","header-below-stick-meta":""},"product_cat":[57,52],"product_tag":[],"class_list":["post-5475","product","type-product","status-publish","has-post-thumbnail","hentry","product_cat-impac","product_cat-impermeabilizantes","desktop-align-left","tablet-align-left","mobile-align-left","ast-product-gallery-layout-horizontal-slider","ast-product-gallery-with-no-image","ast-product-tabs-layout-horizontal"],"_links":{"self":[{"href":"https:\/\/insul-therm.mx\/insul\/index.php\/wp-json\/wp\/v2\/product\/5475","targetHints":{"allow":["GET"]}}],"collection":[{"href":"https:\/\/insul-therm.mx\/insul\/index.php\/wp-json\/wp\/v2\/product"}],"about":[{"href":"https:\/\/insul-therm.mx\/insul\/index.php\/wp-json\/wp\/v2\/types\/product"}],"replies":[{"embeddable":true,"href":"https:\/\/insul-therm.mx\/insul\/index.php\/wp-json\/wp\/v2\/comments?post=5475"}],"version-history":[{"count":0,"href":"https:\/\/insul-therm.mx\/insul\/index.php\/wp-json\/wp\/v2\/product\/5475\/revisions"}],"wp:featuredmedia":[{"embeddable":true,"href":"https:\/\/insul-therm.mx\/insul\/index.php\/wp-json\/wp\/v2\/media\/5476"}],"wp:attachment":[{"href":"https:\/\/insul-therm.mx\/insul\/index.php\/wp-json\/wp\/v2\/media?parent=5475"}],"wp:term":[{"taxonomy":"product_cat","embeddable":true,"href":"https:\/\/insul-therm.mx\/insul\/index.php\/wp-json\/wp\/v2\/product_cat?post=5475"},{"taxonomy":"product_tag","embeddable":true,"href":"https:\/\/insul-therm.mx\/insul\/index.php\/wp-json\/wp\/v2\/product_tag?post=5475"}],"curies":[{"name":"wp","href":"https:\/\/api.w.org\/{rel}","templated":true}]}}