{"id":5478,"date":"2021-12-15T15:00:34","date_gmt":"2021-12-15T15:00:34","guid":{"rendered":"https:\/\/lanamineral.com.mx\/prueba\/?post_type=product&#038;p=5478"},"modified":"2021-12-15T16:23:49","modified_gmt":"2021-12-15T16:23:49","slug":"impac-wr-480","status":"publish","type":"product","link":"https:\/\/insul-therm.mx\/insul\/index.php\/producto\/impac-wr-480\/","title":{"rendered":"Impac WR-480"},"content":{"rendered":"<p>Est\u00e1 formulado a base de compuestos cementosos y aditivos que penetran en el concreto imparti\u00e9ndoles resistencia a la presi\u00f3n hidrost\u00e1tica y a soluciones qu\u00edmicas diluidas, que deterioran el sustrato, protegi\u00e9ndolo para alargar su vida \u00fatil.<\/p>\n<p>USOS:<br \/>\n*Se pude utilizar en todo tipo de concreto o morteros que est\u00e9n en contacto continuo con agua o humedad, como en el caso de cisternas, tanques, t\u00faneles, jardineras, c\u00e1rcamos, ba\u00f1os, cimentaciones, etc.<br \/>\n*Impermeabilizaci\u00f3n de plantas tratadoras, tanques para almacenamiento secundario, fosas s\u00e9pticas, y fosas de contenci\u00f3n.<\/p>\n<p>&nbsp;<\/p>\n","protected":false},"excerpt":{"rendered":"<p>IMPAC WR-480 Impermeabilizante cementoso para muros y estructuras de<br \/>\nconcreto, con altas resistencias qu\u00edmicas.<\/p>\n<p>Es un impermeabilizante cementoso en polvo color gris o blanco que se utiliza para muros de concreto, tabique, block y alba\u00f1iler\u00eda en general que van a estar expuestos a inmersi\u00f3n continua, as\u00ed como para prevenir la humedad y salitre.<\/p>\n","protected":false},"featured_media":5479,"comment_status":"open","ping_status":"closed","template":"","meta":{"site-sidebar-layout":"default","site-content-layout":"default","ast-global-header-display":"","ast-main-header-display":"","ast-hfb-above-header-display":"","ast-hfb-below-header-display":"","ast-hfb-mobile-header-display":"","site-post-title":"","ast-breadcrumbs-content":"","ast-featured-img":"","footer-sml-layout":"","theme-transparent-header-meta":"default","adv-header-id-meta":"","stick-header-meta":"default","header-above-stick-meta":"","header-main-stick-meta":"","header-below-stick-meta":""},"product_cat":[57,52],"product_tag":[],"class_list":["post-5478","product","type-product","status-publish","has-post-thumbnail","hentry","product_cat-impac","product_cat-impermeabilizantes","desktop-align-left","tablet-align-left","mobile-align-left","ast-product-gallery-layout-horizontal-slider","ast-product-gallery-with-no-image","ast-product-tabs-layout-horizontal"],"_links":{"self":[{"href":"https:\/\/insul-therm.mx\/insul\/index.php\/wp-json\/wp\/v2\/product\/5478","targetHints":{"allow":["GET"]}}],"collection":[{"href":"https:\/\/insul-therm.mx\/insul\/index.php\/wp-json\/wp\/v2\/product"}],"about":[{"href":"https:\/\/insul-therm.mx\/insul\/index.php\/wp-json\/wp\/v2\/types\/product"}],"replies":[{"embeddable":true,"href":"https:\/\/insul-therm.mx\/insul\/index.php\/wp-json\/wp\/v2\/comments?post=5478"}],"version-history":[{"count":0,"href":"https:\/\/insul-therm.mx\/insul\/index.php\/wp-json\/wp\/v2\/product\/5478\/revisions"}],"wp:featuredmedia":[{"embeddable":true,"href":"https:\/\/insul-therm.mx\/insul\/index.php\/wp-json\/wp\/v2\/media\/5479"}],"wp:attachment":[{"href":"https:\/\/insul-therm.mx\/insul\/index.php\/wp-json\/wp\/v2\/media?parent=5478"}],"wp:term":[{"taxonomy":"product_cat","embeddable":true,"href":"https:\/\/insul-therm.mx\/insul\/index.php\/wp-json\/wp\/v2\/product_cat?post=5478"},{"taxonomy":"product_tag","embeddable":true,"href":"https:\/\/insul-therm.mx\/insul\/index.php\/wp-json\/wp\/v2\/product_tag?post=5478"}],"curies":[{"name":"wp","href":"https:\/\/api.w.org\/{rel}","templated":true}]}}