{"id":5485,"date":"2021-12-15T15:09:26","date_gmt":"2021-12-15T15:09:26","guid":{"rendered":"https:\/\/lanamineral.com.mx\/prueba\/?post_type=product&#038;p=5485"},"modified":"2021-12-15T15:09:27","modified_gmt":"2021-12-15T15:09:27","slug":"impac-cemento-plastico-acrilico","status":"publish","type":"product","link":"https:\/\/insul-therm.mx\/insul\/index.php\/producto\/impac-cemento-plastico-acrilico\/","title":{"rendered":"Impac cemento pl\u00e1stico acr\u00edlico"},"content":{"rendered":"<p>IMPAC Cemento Pl\u00e1stico se aplica previo a la colocaci\u00f3n<br \/>\nde cualquier impermeabilizante acr\u00edlico, para sellar y<br \/>\nreparar grietas en la losa, como tapagoteras en techos,<br \/>\npara puntos cr\u00edticos de la impermeabilizaci\u00f3n, como juntas,<br \/>\npretiles, ductos, tragaluces, domos, respiraderos,<br \/>\ntornilleria, traslapes en l\u00e1mina galvanizada o fibrocemento,<br \/>\npoliuretano, poliestireno, entre otros.<\/p>\n<p>Es 100% compatible con los sistemas de impermeabilizaci\u00f3n acr\u00edlico.<\/p>\n<p>Ventajas<\/p>\n<p>*Resana y repara grietas o fisuras de la losa.<br \/>\n*Evita la filtraci\u00f3n de humedad.<br \/>\n*Contiene fibras de refuerzo para dar mayor resistencia.<br \/>\n*No contiene asbesto.<br \/>\n*Altamente resistente a contracciones y expansiones<br \/>\nnormales de toda construcci\u00f3n.<br \/>\n*Base agua.<\/p>\n","protected":false},"excerpt":{"rendered":"<p>Cemento Pl\u00e1stico es un resanador acr\u00edlico base<br \/>\nagua en pasta para preparaci\u00f3n de superficie, altamente<br \/>\nresistente al intemperismo, forma una pel\u00edcula<br \/>\nimpermeable que mantiene sus caracter\u00edsticas pl\u00e1sticas.<\/p>\n","protected":false},"featured_media":5486,"comment_status":"open","ping_status":"closed","template":"","meta":{"site-sidebar-layout":"default","site-content-layout":"default","ast-global-header-display":"","ast-main-header-display":"","ast-hfb-above-header-display":"","ast-hfb-below-header-display":"","ast-hfb-mobile-header-display":"","site-post-title":"","ast-breadcrumbs-content":"","ast-featured-img":"","footer-sml-layout":"","theme-transparent-header-meta":"default","adv-header-id-meta":"","stick-header-meta":"default","header-above-stick-meta":"","header-main-stick-meta":"","header-below-stick-meta":""},"product_cat":[57,52],"product_tag":[],"class_list":["post-5485","product","type-product","status-publish","has-post-thumbnail","hentry","product_cat-impac","product_cat-impermeabilizantes","desktop-align-left","tablet-align-left","mobile-align-left","ast-product-gallery-layout-horizontal-slider","ast-product-gallery-with-no-image","ast-product-tabs-layout-horizontal"],"_links":{"self":[{"href":"https:\/\/insul-therm.mx\/insul\/index.php\/wp-json\/wp\/v2\/product\/5485","targetHints":{"allow":["GET"]}}],"collection":[{"href":"https:\/\/insul-therm.mx\/insul\/index.php\/wp-json\/wp\/v2\/product"}],"about":[{"href":"https:\/\/insul-therm.mx\/insul\/index.php\/wp-json\/wp\/v2\/types\/product"}],"replies":[{"embeddable":true,"href":"https:\/\/insul-therm.mx\/insul\/index.php\/wp-json\/wp\/v2\/comments?post=5485"}],"version-history":[{"count":0,"href":"https:\/\/insul-therm.mx\/insul\/index.php\/wp-json\/wp\/v2\/product\/5485\/revisions"}],"wp:featuredmedia":[{"embeddable":true,"href":"https:\/\/insul-therm.mx\/insul\/index.php\/wp-json\/wp\/v2\/media\/5486"}],"wp:attachment":[{"href":"https:\/\/insul-therm.mx\/insul\/index.php\/wp-json\/wp\/v2\/media?parent=5485"}],"wp:term":[{"taxonomy":"product_cat","embeddable":true,"href":"https:\/\/insul-therm.mx\/insul\/index.php\/wp-json\/wp\/v2\/product_cat?post=5485"},{"taxonomy":"product_tag","embeddable":true,"href":"https:\/\/insul-therm.mx\/insul\/index.php\/wp-json\/wp\/v2\/product_tag?post=5485"}],"curies":[{"name":"wp","href":"https:\/\/api.w.org\/{rel}","templated":true}]}}